{"id":282,"date":"2023-07-11T13:01:43","date_gmt":"2023-07-11T11:01:43","guid":{"rendered":"https:\/\/biegamdobrze.pl\/?page_id=282"},"modified":"2023-12-13T10:12:21","modified_gmt":"2023-12-13T09:12:21","slug":"efekty-akcji","status":"publish","type":"page","link":"https:\/\/biegamdobrze.pl\/en\/efekty-akcji\/","title":{"rendered":"Efekty akcji"},"content":{"rendered":"<div id=\"fws_69d0efdf3280c\"  data-column-margin=\"default\" data-midnight=\"dark\"  class=\"wpb_row vc_row-fluid vc_row  right_margin_100px left_margin_100px\"  style=\"padding-top: 0px; padding-bottom: 0px; \"><div class=\"row-bg-wrap\" data-bg-animation=\"none\" data-bg-animation-delay=\"\" data-bg-overlay=\"false\"><div class=\"inner-wrap row-bg-layer\" ><div class=\"row-bg viewport-desktop\"  style=\"\"><\/div><\/div><\/div><div class=\"row_col_wrap_12 col span_12 dark left\">\n\t<div  class=\"vc_col-sm-12 wpb_column column_container vc_column_container col no-extra-padding inherit_tablet inherit_phone\"  data-padding-pos=\"all\" data-has-bg-color=\"false\" data-bg-color=\"\" data-bg-opacity=\"1\" data-animation=\"\" data-delay=\"0\" >\n\t\t<div class=\"vc_column-inner\" >\n\t\t\t<div class=\"wpb_wrapper\">\n\t\t\t\t\n<div class=\"wpb_text_column wpb_content_element\" >\n\t<div class=\"wpb_wrapper\">\n\t\t<p>Na co konkretnie, do tej pory, przeznaczone zosta\u0142y \u015brodki, kt\u00f3re wybiegali uczestnicy akcji #BiegamDobrze?<br \/>\nZ dum\u0105 zapraszamy do lektury:<\/p>\n\t<\/div>\n<\/div>\n\n\n\n\n\t\t\t<\/div> \n\t\t<\/div>\n\t<\/div> \n<\/div><\/div>\n\t\t<div id=\"fws_69d0efdf337ea\"  data-column-margin=\"default\" data-midnight=\"dark\"  class=\"wpb_row vc_row-fluid vc_row  right_margin_100px left_margin_100px\"  style=\"padding-top: 0px; padding-bottom: 0px; \"><div class=\"row-bg-wrap\" data-bg-animation=\"none\" data-bg-animation-delay=\"\" data-bg-overlay=\"false\"><div class=\"inner-wrap row-bg-layer\" ><div class=\"row-bg viewport-desktop\"  style=\"\"><\/div><\/div><\/div><div class=\"row_col_wrap_12 col span_12 dark left\">\n\t<div  class=\"vc_col-sm-4 wpb_column column_container vc_column_container col no-extra-padding inherit_tablet inherit_phone\"  data-padding-pos=\"all\" data-has-bg-color=\"false\" data-bg-color=\"\" data-bg-opacity=\"1\" data-animation=\"\" data-delay=\"0\" >\n\t\t<div class=\"vc_column-inner\" >\n\t\t\t<div class=\"wpb_wrapper\">\n\t\t\t\t<div class=\"nectar_image_with_hotspots\" data-stlye=\"color_pulse\" data-hotspot-icon=\"plus_sign\" data-size=\"medium\" data-color=\"accent-color\" data-tooltip-func=\"hover\" data-tooltip_shadow=\"small_depth\" data-animation=\"\"><img loading=\"lazy\" decoding=\"async\" width=\"2501\" height=\"2501\" src=\"https:\/\/biegamdobrze.pl\/wp-content\/uploads\/2023\/07\/logotypy-07.png\" class=\"attachment-full size-full\" alt=\"\" srcset=\"https:\/\/biegamdobrze.pl\/wp-content\/uploads\/2023\/07\/logotypy-07.png 2501w, https:\/\/biegamdobrze.pl\/wp-content\/uploads\/2023\/07\/logotypy-07-300x300.png 300w, https:\/\/biegamdobrze.pl\/wp-content\/uploads\/2023\/07\/logotypy-07-1024x1024.png 1024w, https:\/\/biegamdobrze.pl\/wp-content\/uploads\/2023\/07\/logotypy-07-150x150.png 150w, https:\/\/biegamdobrze.pl\/wp-content\/uploads\/2023\/07\/logotypy-07-768x768.png 768w, https:\/\/biegamdobrze.pl\/wp-content\/uploads\/2023\/07\/logotypy-07-1536x1536.png 1536w, https:\/\/biegamdobrze.pl\/wp-content\/uploads\/2023\/07\/logotypy-07-2048x2048.png 2048w, https:\/\/biegamdobrze.pl\/wp-content\/uploads\/2023\/07\/logotypy-07-100x100.png 100w, https:\/\/biegamdobrze.pl\/wp-content\/uploads\/2023\/07\/logotypy-07-140x140.png 140w, https:\/\/biegamdobrze.pl\/wp-content\/uploads\/2023\/07\/logotypy-07-500x500.png 500w, https:\/\/biegamdobrze.pl\/wp-content\/uploads\/2023\/07\/logotypy-07-350x350.png 350w, https:\/\/biegamdobrze.pl\/wp-content\/uploads\/2023\/07\/logotypy-07-1000x1000.png 1000w, https:\/\/biegamdobrze.pl\/wp-content\/uploads\/2023\/07\/logotypy-07-800x800.png 800w\" sizes=\"auto, (max-width: 2501px) 100vw, 2501px\" \/><div class=\"nectar_hotspot_wrap\" style=\"top: 10.162870762711865%; left: 0%;\"><div class=\"nectar_hotspot\"><span><\/span><\/div><div class=\"nttip\" data-tooltip-position=\"right\"><div class=\"inner\">\n<h2>1.<\/h2>\n<p>integracyjny Plac Zabaw dla Dzieci z Niepe\u0142nosprawno\u015bciami w Muzeum \u0141azienki Kr\u00f3lewskie<\/p>\n<h2>2.<\/h2>\n<p>miko\u0142ajkowe prezenty, przekazane podopiecznym dziesi\u0119ciu specjalistycznych o\u015brodk\u00f3w dla dzieci potrzebuj\u0105cych pomocy,<\/p>\n<h2>3.<\/h2>\n<p>turnusy rehabilitacyjne,<\/p>\n<h2>4.<\/h2>\n<p>sprz\u0119t rehabilitacyjny dla dzieci z niepe\u0142nosprawno\u015bciami<\/div><\/div><\/div><\/div><div class=\"nectar_image_with_hotspots\" data-stlye=\"color_pulse\" data-hotspot-icon=\"plus_sign\" data-size=\"medium\" data-color=\"accent-color\" data-tooltip-func=\"hover\" data-tooltip_shadow=\"none\" data-animation=\"\"><img loading=\"lazy\" decoding=\"async\" width=\"2501\" height=\"2501\" src=\"https:\/\/biegamdobrze.pl\/wp-content\/uploads\/2023\/07\/logotypy-03.png\" class=\"attachment-full size-full\" alt=\"\" srcset=\"https:\/\/biegamdobrze.pl\/wp-content\/uploads\/2023\/07\/logotypy-03.png 2501w, https:\/\/biegamdobrze.pl\/wp-content\/uploads\/2023\/07\/logotypy-03-300x300.png 300w, https:\/\/biegamdobrze.pl\/wp-content\/uploads\/2023\/07\/logotypy-03-1024x1024.png 1024w, https:\/\/biegamdobrze.pl\/wp-content\/uploads\/2023\/07\/logotypy-03-150x150.png 150w, https:\/\/biegamdobrze.pl\/wp-content\/uploads\/2023\/07\/logotypy-03-768x768.png 768w, https:\/\/biegamdobrze.pl\/wp-content\/uploads\/2023\/07\/logotypy-03-1536x1536.png 1536w, https:\/\/biegamdobrze.pl\/wp-content\/uploads\/2023\/07\/logotypy-03-2048x2048.png 2048w, https:\/\/biegamdobrze.pl\/wp-content\/uploads\/2023\/07\/logotypy-03-100x100.png 100w, https:\/\/biegamdobrze.pl\/wp-content\/uploads\/2023\/07\/logotypy-03-140x140.png 140w, https:\/\/biegamdobrze.pl\/wp-content\/uploads\/2023\/07\/logotypy-03-500x500.png 500w, https:\/\/biegamdobrze.pl\/wp-content\/uploads\/2023\/07\/logotypy-03-350x350.png 350w, https:\/\/biegamdobrze.pl\/wp-content\/uploads\/2023\/07\/logotypy-03-1000x1000.png 1000w, https:\/\/biegamdobrze.pl\/wp-content\/uploads\/2023\/07\/logotypy-03-800x800.png 800w\" sizes=\"auto, (max-width: 2501px) 100vw, 2501px\" \/><div class=\"nectar_hotspot_wrap\" style=\"top: 10.16949152542373%; left: 0%;\"><div class=\"nectar_hotspot\"><span><\/span><\/div><div class=\"nttip\" data-tooltip-position=\"right\"><div class=\"inner\">\n<h2>1.<\/h2>\n<p>47 000 bezp\u0142atnych \u201eNiezb\u0119dnik\u00f3w Rodzica Wcze\u015bniaka\u201d &#8211; publikacje trafi\u0142y do ponad 200 szpitali i poradni na terenie ca\u0142ej Polski <\/div><\/div><\/div><\/div><div class=\"nectar_image_with_hotspots\" data-stlye=\"color_pulse\" data-hotspot-icon=\"plus_sign\" data-size=\"medium\" data-color=\"accent-color\" data-tooltip-func=\"hover\" data-tooltip_shadow=\"none\" data-animation=\"\"><img loading=\"lazy\" decoding=\"async\" width=\"1700\" height=\"850\" src=\"https:\/\/biegamdobrze.pl\/wp-content\/uploads\/2023\/12\/Projekt-bez-nazwy2.png\" class=\"attachment-full size-full\" alt=\"\" srcset=\"https:\/\/biegamdobrze.pl\/wp-content\/uploads\/2023\/12\/Projekt-bez-nazwy2.png 1700w, https:\/\/biegamdobrze.pl\/wp-content\/uploads\/2023\/12\/Projekt-bez-nazwy2-300x150.png 300w, https:\/\/biegamdobrze.pl\/wp-content\/uploads\/2023\/12\/Projekt-bez-nazwy2-1024x512.png 1024w, https:\/\/biegamdobrze.pl\/wp-content\/uploads\/2023\/12\/Projekt-bez-nazwy2-768x384.png 768w, https:\/\/biegamdobrze.pl\/wp-content\/uploads\/2023\/12\/Projekt-bez-nazwy2-1536x768.png 1536w, https:\/\/biegamdobrze.pl\/wp-content\/uploads\/2023\/12\/Projekt-bez-nazwy2-18x9.png 18w, https:\/\/biegamdobrze.pl\/wp-content\/uploads\/2023\/12\/Projekt-bez-nazwy2-1000x500.png 1000w, https:\/\/biegamdobrze.pl\/wp-content\/uploads\/2023\/12\/Projekt-bez-nazwy2-670x335.png 670w\" sizes=\"auto, (max-width: 1700px) 100vw, 1700px\" \/><div class=\"nectar_hotspot_wrap\" style=\"top: 11.8644%; left: 6.79406%;\"><div class=\"nectar_hotspot\"><span><\/span><\/div><div class=\"nttip\" data-tooltip-position=\"bottom\"><div class=\"inner\">Dzia\u0142ania realizowane ze \u015brodk\u00f3w pozyskanych w ramach akcji #BiegamDobrze zwi\u0105zane s\u0105 z dost\u0119pem do wody. To mi\u0119dzy innymi wsp\u00f3\u0142finansowanie: &#8211; powstawania nowych studni -wydawania pakiet\u00f3w higienicznych &#8211; stawiania latryn &#8211; remontowania infrastruktury sanitarnej, kanalizacji &#8211; przeprowadzania szkole\u0144 z higieny Dzia\u0142ania tego typu realizujemy prawie we wszystkich miejscach, w kt\u00f3rych aktualnie jeste\u015bmy obecni.<\/div><\/div><\/div><\/div>\n\t\t\t<\/div> \n\t\t<\/div>\n\t<\/div> \n\n\t<div  class=\"vc_col-sm-4 wpb_column column_container vc_column_container col no-extra-padding inherit_tablet inherit_phone\"  data-padding-pos=\"all\" data-has-bg-color=\"false\" data-bg-color=\"\" data-bg-opacity=\"1\" data-animation=\"\" data-delay=\"0\" >\n\t\t<div class=\"vc_column-inner\" >\n\t\t\t<div class=\"wpb_wrapper\">\n\t\t\t\t<div class=\"nectar_image_with_hotspots\" data-stlye=\"color_pulse\" data-hotspot-icon=\"plus_sign\" data-size=\"medium\" data-color=\"accent-color\" data-tooltip-func=\"hover\" data-tooltip_shadow=\"none\" data-animation=\"\"><img loading=\"lazy\" decoding=\"async\" width=\"2501\" height=\"2501\" src=\"https:\/\/biegamdobrze.pl\/wp-content\/uploads\/2023\/07\/logotypy-04.png\" class=\"attachment-full size-full\" alt=\"\" srcset=\"https:\/\/biegamdobrze.pl\/wp-content\/uploads\/2023\/07\/logotypy-04.png 2501w, https:\/\/biegamdobrze.pl\/wp-content\/uploads\/2023\/07\/logotypy-04-300x300.png 300w, https:\/\/biegamdobrze.pl\/wp-content\/uploads\/2023\/07\/logotypy-04-1024x1024.png 1024w, https:\/\/biegamdobrze.pl\/wp-content\/uploads\/2023\/07\/logotypy-04-150x150.png 150w, https:\/\/biegamdobrze.pl\/wp-content\/uploads\/2023\/07\/logotypy-04-768x768.png 768w, https:\/\/biegamdobrze.pl\/wp-content\/uploads\/2023\/07\/logotypy-04-1536x1536.png 1536w, https:\/\/biegamdobrze.pl\/wp-content\/uploads\/2023\/07\/logotypy-04-2048x2048.png 2048w, https:\/\/biegamdobrze.pl\/wp-content\/uploads\/2023\/07\/logotypy-04-100x100.png 100w, https:\/\/biegamdobrze.pl\/wp-content\/uploads\/2023\/07\/logotypy-04-140x140.png 140w, https:\/\/biegamdobrze.pl\/wp-content\/uploads\/2023\/07\/logotypy-04-500x500.png 500w, https:\/\/biegamdobrze.pl\/wp-content\/uploads\/2023\/07\/logotypy-04-350x350.png 350w, https:\/\/biegamdobrze.pl\/wp-content\/uploads\/2023\/07\/logotypy-04-1000x1000.png 1000w, https:\/\/biegamdobrze.pl\/wp-content\/uploads\/2023\/07\/logotypy-04-800x800.png 800w\" sizes=\"auto, (max-width: 2501px) 100vw, 2501px\" \/><div class=\"nectar_hotspot_wrap\" style=\"top: 10.59322033898305%; left: 0%;\"><div class=\"nectar_hotspot\"><span><\/span><\/div><div class=\"nttip\" data-tooltip-position=\"top\"><div class=\"inner\">Dofinansowanie terapii dzieci i doros\u0142ych w spektrum autyzmu. <\/div><\/div><\/div><\/div><div class=\"nectar_image_with_hotspots\" data-stlye=\"color_pulse\" data-hotspot-icon=\"plus_sign\" data-size=\"medium\" data-color=\"accent-color\" data-tooltip-func=\"hover\" data-tooltip_shadow=\"none\" data-animation=\"\"><img loading=\"lazy\" decoding=\"async\" width=\"2501\" height=\"2501\" src=\"https:\/\/biegamdobrze.pl\/wp-content\/uploads\/2023\/07\/logotypy-09.png\" class=\"attachment-full size-full\" alt=\"\" srcset=\"https:\/\/biegamdobrze.pl\/wp-content\/uploads\/2023\/07\/logotypy-09.png 2501w, https:\/\/biegamdobrze.pl\/wp-content\/uploads\/2023\/07\/logotypy-09-300x300.png 300w, https:\/\/biegamdobrze.pl\/wp-content\/uploads\/2023\/07\/logotypy-09-1024x1024.png 1024w, https:\/\/biegamdobrze.pl\/wp-content\/uploads\/2023\/07\/logotypy-09-150x150.png 150w, https:\/\/biegamdobrze.pl\/wp-content\/uploads\/2023\/07\/logotypy-09-768x768.png 768w, https:\/\/biegamdobrze.pl\/wp-content\/uploads\/2023\/07\/logotypy-09-1536x1536.png 1536w, https:\/\/biegamdobrze.pl\/wp-content\/uploads\/2023\/07\/logotypy-09-2048x2048.png 2048w, https:\/\/biegamdobrze.pl\/wp-content\/uploads\/2023\/07\/logotypy-09-100x100.png 100w, https:\/\/biegamdobrze.pl\/wp-content\/uploads\/2023\/07\/logotypy-09-140x140.png 140w, https:\/\/biegamdobrze.pl\/wp-content\/uploads\/2023\/07\/logotypy-09-500x500.png 500w, https:\/\/biegamdobrze.pl\/wp-content\/uploads\/2023\/07\/logotypy-09-350x350.png 350w, https:\/\/biegamdobrze.pl\/wp-content\/uploads\/2023\/07\/logotypy-09-1000x1000.png 1000w, https:\/\/biegamdobrze.pl\/wp-content\/uploads\/2023\/07\/logotypy-09-800x800.png 800w\" sizes=\"auto, (max-width: 2501px) 100vw, 2501px\" \/><div class=\"nectar_hotspot_wrap\" style=\"top: 11.4341%; left: 0.424628%;\"><div class=\"nectar_hotspot\"><span><\/span><\/div><div class=\"nttip\" data-tooltip-position=\"top\"><div class=\"inner\">Zebrane \u015brodki wspieraj\u0105 telefon zaufania dla dzieci i m\u0142odzie\u017cy 116 111<\/div><\/div><\/div><\/div><div class=\"nectar_image_with_hotspots\" data-stlye=\"color_pulse\" data-hotspot-icon=\"plus_sign\" data-size=\"medium\" data-color=\"accent-color\" data-tooltip-func=\"hover\" data-tooltip_shadow=\"none\" data-animation=\"\"><img loading=\"lazy\" decoding=\"async\" width=\"2501\" height=\"2501\" src=\"https:\/\/biegamdobrze.pl\/wp-content\/uploads\/2023\/07\/logotypy-10.png\" class=\"attachment-full size-full\" alt=\"\" srcset=\"https:\/\/biegamdobrze.pl\/wp-content\/uploads\/2023\/07\/logotypy-10.png 2501w, https:\/\/biegamdobrze.pl\/wp-content\/uploads\/2023\/07\/logotypy-10-300x300.png 300w, https:\/\/biegamdobrze.pl\/wp-content\/uploads\/2023\/07\/logotypy-10-1024x1024.png 1024w, https:\/\/biegamdobrze.pl\/wp-content\/uploads\/2023\/07\/logotypy-10-150x150.png 150w, https:\/\/biegamdobrze.pl\/wp-content\/uploads\/2023\/07\/logotypy-10-768x768.png 768w, https:\/\/biegamdobrze.pl\/wp-content\/uploads\/2023\/07\/logotypy-10-1536x1536.png 1536w, https:\/\/biegamdobrze.pl\/wp-content\/uploads\/2023\/07\/logotypy-10-2048x2048.png 2048w, https:\/\/biegamdobrze.pl\/wp-content\/uploads\/2023\/07\/logotypy-10-100x100.png 100w, https:\/\/biegamdobrze.pl\/wp-content\/uploads\/2023\/07\/logotypy-10-140x140.png 140w, https:\/\/biegamdobrze.pl\/wp-content\/uploads\/2023\/07\/logotypy-10-500x500.png 500w, https:\/\/biegamdobrze.pl\/wp-content\/uploads\/2023\/07\/logotypy-10-350x350.png 350w, https:\/\/biegamdobrze.pl\/wp-content\/uploads\/2023\/07\/logotypy-10-1000x1000.png 1000w, https:\/\/biegamdobrze.pl\/wp-content\/uploads\/2023\/07\/logotypy-10-800x800.png 800w\" sizes=\"auto, (max-width: 2501px) 100vw, 2501px\" \/><div class=\"nectar_hotspot_wrap\" style=\"top: 11.4341%; left: 0%;\"><div class=\"nectar_hotspot\"><span><\/span><\/div><div class=\"nttip\" data-tooltip-position=\"top\"><div class=\"inner\">profesjonalna pomoc psychoonkologiczna dla chorych i ich bliskich<\/div><\/div><\/div><\/div>\n\t\t\t<\/div> \n\t\t<\/div>\n\t<\/div> \n\n\t<div  class=\"vc_col-sm-4 wpb_column column_container vc_column_container col no-extra-padding inherit_tablet inherit_phone\"  data-padding-pos=\"all\" data-has-bg-color=\"false\" data-bg-color=\"\" data-bg-opacity=\"1\" data-animation=\"\" data-delay=\"0\" >\n\t\t<div class=\"vc_column-inner\" >\n\t\t\t<div class=\"wpb_wrapper\">\n\t\t\t\t<div class=\"nectar_image_with_hotspots\" data-stlye=\"color_pulse\" data-hotspot-icon=\"plus_sign\" data-size=\"medium\" data-color=\"accent-color\" data-tooltip-func=\"hover\" data-tooltip_shadow=\"none\" data-animation=\"\"><img loading=\"lazy\" decoding=\"async\" width=\"2501\" height=\"2501\" src=\"https:\/\/biegamdobrze.pl\/wp-content\/uploads\/2023\/07\/logotypy-08.png\" class=\"attachment-full size-full\" alt=\"\" srcset=\"https:\/\/biegamdobrze.pl\/wp-content\/uploads\/2023\/07\/logotypy-08.png 2501w, https:\/\/biegamdobrze.pl\/wp-content\/uploads\/2023\/07\/logotypy-08-300x300.png 300w, https:\/\/biegamdobrze.pl\/wp-content\/uploads\/2023\/07\/logotypy-08-1024x1024.png 1024w, https:\/\/biegamdobrze.pl\/wp-content\/uploads\/2023\/07\/logotypy-08-150x150.png 150w, https:\/\/biegamdobrze.pl\/wp-content\/uploads\/2023\/07\/logotypy-08-768x768.png 768w, https:\/\/biegamdobrze.pl\/wp-content\/uploads\/2023\/07\/logotypy-08-1536x1536.png 1536w, https:\/\/biegamdobrze.pl\/wp-content\/uploads\/2023\/07\/logotypy-08-2048x2048.png 2048w, https:\/\/biegamdobrze.pl\/wp-content\/uploads\/2023\/07\/logotypy-08-100x100.png 100w, https:\/\/biegamdobrze.pl\/wp-content\/uploads\/2023\/07\/logotypy-08-140x140.png 140w, https:\/\/biegamdobrze.pl\/wp-content\/uploads\/2023\/07\/logotypy-08-500x500.png 500w, https:\/\/biegamdobrze.pl\/wp-content\/uploads\/2023\/07\/logotypy-08-350x350.png 350w, https:\/\/biegamdobrze.pl\/wp-content\/uploads\/2023\/07\/logotypy-08-1000x1000.png 1000w, https:\/\/biegamdobrze.pl\/wp-content\/uploads\/2023\/07\/logotypy-08-800x800.png 800w\" sizes=\"auto, (max-width: 2501px) 100vw, 2501px\" \/><div class=\"nectar_hotspot_wrap\" style=\"top: 11.016949152542372%; left: 0%;\"><div class=\"nectar_hotspot\"><span><\/span><\/div><div class=\"nttip\" data-tooltip-position=\"bottom\"><div class=\"inner\">\n<h2>1.<\/h2>\n<p>akcja \u201eDaj W\u0142os\u201d, w ramach kt\u00f3rej przekazano 1609 peruk kobietom w trakcie chemioterapii<\/p>\n<h2>2.<\/h2>\n<p>proces przeprowadzenia 164 chorych i ich rodzin przez system opieki onkologicznej<\/p>\n<h2>3.<\/h2>\n<p>remont poczekalni onkologicznych, z kt\u00f3rych tygodniowo korzysta ponad 1500 os\u00f3b<\/p>\n<h2>4.<\/h2>\n<p>sportowo-terapeutyczny powr\u00f3t do \u017cycia 50 os\u00f3b po zako\u0144czonym leczeniu onkologicznym<\/p>\n<h2>5.<\/h2>\n<p>ponad 600 godzin rozm\u00f3w psychoonkologa z chorymi i ich bliskimi.<\/div><\/div><\/div><\/div><div class=\"nectar_image_with_hotspots\" data-stlye=\"color_pulse\" data-hotspot-icon=\"plus_sign\" data-size=\"medium\" data-color=\"accent-color\" data-tooltip-func=\"hover\" data-tooltip_shadow=\"none\" data-animation=\"\"><img loading=\"lazy\" decoding=\"async\" width=\"2501\" height=\"2501\" src=\"https:\/\/biegamdobrze.pl\/wp-content\/uploads\/2023\/07\/logotypy-02.png\" class=\"attachment-full size-full\" alt=\"\" srcset=\"https:\/\/biegamdobrze.pl\/wp-content\/uploads\/2023\/07\/logotypy-02.png 2501w, https:\/\/biegamdobrze.pl\/wp-content\/uploads\/2023\/07\/logotypy-02-300x300.png 300w, https:\/\/biegamdobrze.pl\/wp-content\/uploads\/2023\/07\/logotypy-02-1024x1024.png 1024w, https:\/\/biegamdobrze.pl\/wp-content\/uploads\/2023\/07\/logotypy-02-150x150.png 150w, https:\/\/biegamdobrze.pl\/wp-content\/uploads\/2023\/07\/logotypy-02-768x768.png 768w, https:\/\/biegamdobrze.pl\/wp-content\/uploads\/2023\/07\/logotypy-02-1536x1536.png 1536w, https:\/\/biegamdobrze.pl\/wp-content\/uploads\/2023\/07\/logotypy-02-2048x2048.png 2048w, https:\/\/biegamdobrze.pl\/wp-content\/uploads\/2023\/07\/logotypy-02-100x100.png 100w, https:\/\/biegamdobrze.pl\/wp-content\/uploads\/2023\/07\/logotypy-02-140x140.png 140w, https:\/\/biegamdobrze.pl\/wp-content\/uploads\/2023\/07\/logotypy-02-500x500.png 500w, https:\/\/biegamdobrze.pl\/wp-content\/uploads\/2023\/07\/logotypy-02-350x350.png 350w, https:\/\/biegamdobrze.pl\/wp-content\/uploads\/2023\/07\/logotypy-02-1000x1000.png 1000w, https:\/\/biegamdobrze.pl\/wp-content\/uploads\/2023\/07\/logotypy-02-800x800.png 800w\" sizes=\"auto, (max-width: 2501px) 100vw, 2501px\" \/><div class=\"nectar_hotspot_wrap\" style=\"top: 11.016949152542372%; left: 0%;\"><div class=\"nectar_hotspot\"><span><\/span><\/div><div class=\"nttip empty-tip\" data-tooltip-position=\"top\"><div class=\"inner\"><\/div><\/div><\/div><\/div><div class=\"nectar_image_with_hotspots\" data-stlye=\"color_pulse\" data-hotspot-icon=\"plus_sign\" data-size=\"medium\" data-color=\"accent-color\" data-tooltip-func=\"hover\" data-tooltip_shadow=\"none\" data-animation=\"\"><img loading=\"lazy\" decoding=\"async\" width=\"2501\" height=\"2501\" src=\"https:\/\/biegamdobrze.pl\/wp-content\/uploads\/2023\/07\/logotypy-05.png\" class=\"attachment-full size-full\" alt=\"\" srcset=\"https:\/\/biegamdobrze.pl\/wp-content\/uploads\/2023\/07\/logotypy-05.png 2501w, https:\/\/biegamdobrze.pl\/wp-content\/uploads\/2023\/07\/logotypy-05-300x300.png 300w, https:\/\/biegamdobrze.pl\/wp-content\/uploads\/2023\/07\/logotypy-05-1024x1024.png 1024w, https:\/\/biegamdobrze.pl\/wp-content\/uploads\/2023\/07\/logotypy-05-150x150.png 150w, https:\/\/biegamdobrze.pl\/wp-content\/uploads\/2023\/07\/logotypy-05-768x768.png 768w, https:\/\/biegamdobrze.pl\/wp-content\/uploads\/2023\/07\/logotypy-05-1536x1536.png 1536w, https:\/\/biegamdobrze.pl\/wp-content\/uploads\/2023\/07\/logotypy-05-2048x2048.png 2048w, https:\/\/biegamdobrze.pl\/wp-content\/uploads\/2023\/07\/logotypy-05-100x100.png 100w, https:\/\/biegamdobrze.pl\/wp-content\/uploads\/2023\/07\/logotypy-05-140x140.png 140w, https:\/\/biegamdobrze.pl\/wp-content\/uploads\/2023\/07\/logotypy-05-500x500.png 500w, https:\/\/biegamdobrze.pl\/wp-content\/uploads\/2023\/07\/logotypy-05-350x350.png 350w, https:\/\/biegamdobrze.pl\/wp-content\/uploads\/2023\/07\/logotypy-05-1000x1000.png 1000w, https:\/\/biegamdobrze.pl\/wp-content\/uploads\/2023\/07\/logotypy-05-800x800.png 800w\" sizes=\"auto, (max-width: 2501px) 100vw, 2501px\" \/><div class=\"nectar_hotspot_wrap\" style=\"top: 11.0169%; left: 0%;\"><div class=\"nectar_hotspot\"><span><\/span><\/div><div class=\"nttip\" data-tooltip-position=\"top\"><div class=\"inner\">Zakup 60 nowoczesnych telewizor\u00f3w z dost\u0119pem do internetu dla kliniki onkologicznej &#8222;Przyl\u0105dek Nadziei&#8221; we Wroc\u0142awiu. <\/div><\/div><\/div><\/div>\n\t\t\t<\/div> \n\t\t<\/div>\n\t<\/div> \n<\/div><\/div>","protected":false},"excerpt":{"rendered":"Na co konkretnie, do tej pory, przeznaczone zosta\u0142y \u015brodki, kt\u00f3re wybiegali uczestnicy akcji #BiegamDobrze? Z dum\u0105 zapraszamy do lektury: 1. integracyjny Plac Zabaw dla Dzieci z Niepe\u0142nosprawno\u015bciami w Muzeum \u0141azienki...","protected":false},"author":1,"featured_media":0,"parent":0,"menu_order":0,"comment_status":"closed","ping_status":"closed","template":"","meta":{"footnotes":""},"class_list":["post-282","page","type-page","status-publish"],"_links":{"self":[{"href":"https:\/\/biegamdobrze.pl\/en\/wp-json\/wp\/v2\/pages\/282","targetHints":{"allow":["GET"]}}],"collection":[{"href":"https:\/\/biegamdobrze.pl\/en\/wp-json\/wp\/v2\/pages"}],"about":[{"href":"https:\/\/biegamdobrze.pl\/en\/wp-json\/wp\/v2\/types\/page"}],"author":[{"embeddable":true,"href":"https:\/\/biegamdobrze.pl\/en\/wp-json\/wp\/v2\/users\/1"}],"replies":[{"embeddable":true,"href":"https:\/\/biegamdobrze.pl\/en\/wp-json\/wp\/v2\/comments?post=282"}],"version-history":[{"count":13,"href":"https:\/\/biegamdobrze.pl\/en\/wp-json\/wp\/v2\/pages\/282\/revisions"}],"predecessor-version":[{"id":872,"href":"https:\/\/biegamdobrze.pl\/en\/wp-json\/wp\/v2\/pages\/282\/revisions\/872"}],"wp:attachment":[{"href":"https:\/\/biegamdobrze.pl\/en\/wp-json\/wp\/v2\/media?parent=282"}],"curies":[{"name":"wp","href":"https:\/\/api.w.org\/{rel}","templated":true}]}}