{"id":319,"date":"2023-08-03T11:11:26","date_gmt":"2023-08-03T09:11:26","guid":{"rendered":"https:\/\/biegamdobrze.pl\/?page_id=319"},"modified":"2023-12-13T00:26:16","modified_gmt":"2023-12-12T23:26:16","slug":"czym-jest-biegamdobrze-2","status":"publish","type":"page","link":"https:\/\/biegamdobrze.pl\/en\/czym-jest-biegamdobrze-2\/","title":{"rendered":"Czym jest #BiegamDobrze"},"content":{"rendered":"<div id=\"fws_69d0eebad330b\"  data-column-margin=\"default\" data-midnight=\"dark\"  class=\"wpb_row vc_row-fluid vc_row  right_margin_100px left_margin_100px\"  style=\"padding-top: 0px; padding-bottom: 0px; \"><div class=\"row-bg-wrap\" data-bg-animation=\"none\" data-bg-animation-delay=\"\" data-bg-overlay=\"false\"><div class=\"inner-wrap row-bg-layer\" ><div class=\"row-bg viewport-desktop\"  style=\"\"><\/div><\/div><\/div><div class=\"row_col_wrap_12 col span_12 dark left\">\n\t<div  class=\"vc_col-sm-12 wpb_column column_container vc_column_container col padding-5-percent inherit_tablet inherit_phone\"  data-padding-pos=\"all\" data-has-bg-color=\"false\" data-bg-color=\"\" data-bg-opacity=\"1\" data-animation=\"\" data-delay=\"0\" >\n\t\t<div class=\"vc_column-inner\" >\n\t\t\t<div class=\"wpb_wrapper\">\n\t\t\t\t\n<div class=\"wpb_text_column wpb_content_element\" >\n\t<div class=\"wpb_wrapper\">\n\t\t<p><strong>Bieganie charytatywne <\/strong>jest bardzo popularnym sposobem pomagania, a biegacze zbieraj\u0105cy \u015brodki finansowe na wybrane cele dominuj\u0105 liczebnie na najbardziej presti\u017cowych imprezach na \u015bwiecie. Najwi\u0119kszym wydarzeniem dobroczynnym tego rodzaju jest Maraton Londy\u0144ski \u2013 dzi\u0119ki jego uczestnikom od 1981 r. zebrano na cele charytatywne ponad 600 mln funt\u00f3w!<\/p>\n<p>W Polsce bieganie charytatywne nabiera tempa, a wszystko dzi\u0119ki akcji<strong>#BiegamDobrze<\/strong>\u00a0i biegaczom takim jak Ty \u2013 chc\u0105cym nada\u0107 swojemu startowi wyj\u0105tkowego znaczenia! #<strong>BiegamDobrze<\/strong>\u00a0to pierwszy biegowy projekt w kraju, kt\u00f3ry oparty jest na modelu aktywnej charytatywno\u015bci. Pocz\u0105tek akcji mia\u0142 miejscew 2015 roku. Od tego czasu #BiegamDobrze jest elementem ka\u017cdego Maratonu i P\u00f3\u0142maratonu Warszawskiego oraz Sztafety Marato\u0144skiej Ekiden. Organizowali\u015bmy edycje specjalne takie jak:<\/p>\n<p>#BiegamDobrze dla Australii<br \/>#BiegamDobrze dla Bohater\u00f3w podczas 31. i 32. Biegu Powstania Warszawskiego<br \/><a href=\"http:\/\/polmaratonwarszawski.com\/dlaaleppo\/\">#BiegamDobrze dla Aleppo<\/a>.<\/p>\n<p><!-- \/wp:post-content --><\/p>\n<p><!-- wp:paragraph -->Uczestnicy akcji zebrali wsp\u00f3lnie ju\u017c\u00a09820136.5 z\u0142\u00a0na cele dobroczynne!<\/p>\n<p><!-- \/wp:paragraph --><\/p>\n<p><!-- wp:paragraph --><strong>Lubisz biega\u0107? Chcesz pomaga\u0107? Biegaj dobrze!<\/strong><\/p>\n<p><!-- \/wp:paragraph -->\u00a0<\/p>\n\t<\/div>\n<\/div>\n\n\n\n\n\t\t\t<\/div> \n\t\t<\/div>\n\t<\/div> \n<\/div><\/div>","protected":false},"excerpt":{"rendered":"Bieganie charytatywne jest bardzo popularnym sposobem pomagania, a biegacze zbieraj\u0105cy \u015brodki finansowe na wybrane cele dominuj\u0105 liczebnie na najbardziej presti\u017cowych imprezach na \u015bwiecie. Najwi\u0119kszym wydarzeniem dobroczynnym tego rodzaju jest Maraton...","protected":false},"author":1,"featured_media":0,"parent":0,"menu_order":0,"comment_status":"closed","ping_status":"closed","template":"","meta":{"footnotes":""},"class_list":["post-319","page","type-page","status-publish"],"_links":{"self":[{"href":"https:\/\/biegamdobrze.pl\/en\/wp-json\/wp\/v2\/pages\/319","targetHints":{"allow":["GET"]}}],"collection":[{"href":"https:\/\/biegamdobrze.pl\/en\/wp-json\/wp\/v2\/pages"}],"about":[{"href":"https:\/\/biegamdobrze.pl\/en\/wp-json\/wp\/v2\/types\/page"}],"author":[{"embeddable":true,"href":"https:\/\/biegamdobrze.pl\/en\/wp-json\/wp\/v2\/users\/1"}],"replies":[{"embeddable":true,"href":"https:\/\/biegamdobrze.pl\/en\/wp-json\/wp\/v2\/comments?post=319"}],"version-history":[{"count":9,"href":"https:\/\/biegamdobrze.pl\/en\/wp-json\/wp\/v2\/pages\/319\/revisions"}],"predecessor-version":[{"id":857,"href":"https:\/\/biegamdobrze.pl\/en\/wp-json\/wp\/v2\/pages\/319\/revisions\/857"}],"wp:attachment":[{"href":"https:\/\/biegamdobrze.pl\/en\/wp-json\/wp\/v2\/media?parent=319"}],"curies":[{"name":"wp","href":"https:\/\/api.w.org\/{rel}","templated":true}]}}