{"id":327,"date":"2023-08-03T11:13:28","date_gmt":"2023-08-03T09:13:28","guid":{"rendered":"https:\/\/biegamdobrze.pl\/?page_id=327"},"modified":"2023-12-13T00:28:05","modified_gmt":"2023-12-12T23:28:05","slug":"fundacja-maraton-warszawski","status":"publish","type":"page","link":"https:\/\/biegamdobrze.pl\/en\/fundacja-maraton-warszawski\/","title":{"rendered":"Fundacja &#8222;Maraton Warszawski&#8221;"},"content":{"rendered":"<div id=\"fws_69d5db276f4a6\"  data-column-margin=\"default\" data-midnight=\"dark\"  class=\"wpb_row vc_row-fluid vc_row  right_margin_100px left_margin_100px\"  style=\"padding-top: 0px; padding-bottom: 0px; \"><div class=\"row-bg-wrap\" data-bg-animation=\"none\" data-bg-animation-delay=\"\" data-bg-overlay=\"false\"><div class=\"inner-wrap row-bg-layer\" ><div class=\"row-bg viewport-desktop\"  style=\"\"><\/div><\/div><\/div><div class=\"row_col_wrap_12 col span_12 dark left\">\n\t<div  class=\"vc_col-sm-12 wpb_column column_container vc_column_container col no-extra-padding inherit_tablet inherit_phone\"  data-padding-pos=\"all\" data-has-bg-color=\"false\" data-bg-color=\"\" data-bg-opacity=\"1\" data-animation=\"\" data-delay=\"0\" >\n\t\t<div class=\"vc_column-inner\" >\n\t\t\t<div class=\"wpb_wrapper\">\n\t\t\t\t<div class=\"img-with-aniamtion-wrap\" data-max-width=\"100%\" data-max-width-mobile=\"default\" data-shadow=\"none\" data-animation=\"none\" >\n      <div class=\"inner\">\n        <div class=\"hover-wrap\"> \n          <div class=\"hover-wrap-inner\">\n            <img loading=\"lazy\" decoding=\"async\" class=\"img-with-animation skip-lazy\" data-delay=\"0\" height=\"338\" width=\"934\" data-animation=\"none\" src=\"https:\/\/biegamdobrze.pl\/wp-content\/uploads\/2023\/08\/png-logo-fmw.png\" alt=\"\" srcset=\"https:\/\/biegamdobrze.pl\/wp-content\/uploads\/2023\/08\/png-logo-fmw.png 934w, https:\/\/biegamdobrze.pl\/wp-content\/uploads\/2023\/08\/png-logo-fmw-300x109.png 300w, https:\/\/biegamdobrze.pl\/wp-content\/uploads\/2023\/08\/png-logo-fmw-768x278.png 768w, https:\/\/biegamdobrze.pl\/wp-content\/uploads\/2023\/08\/png-logo-fmw-18x7.png 18w\" sizes=\"auto, (max-width: 934px) 100vw, 934px\" \/>\n          <\/div>\n        <\/div>\n      <\/div>\n    <\/div>\n<div class=\"wpb_text_column wpb_content_element\" >\n\t<div class=\"wpb_wrapper\">\n\t\t<p class=\"break-words whitespace-pre-wrap text-color-text\" data-test-id=\"about-us__description\">Biegamy od zawsze.<br \/>\nBiegi organizujemy od 20 lat.<br \/>\nBiegaczom kibicujemy od serca.<br \/>\nZawsze w\u00a0Warszawie.<br \/>\nFundacja &#8222;Maraton Warszawski&#8221; jest ekspertem w organizacji bieg\u00f3w masowych i spadkobierc\u0105 najstarszego maratonu w\u00a0Polsce. Stworzyli\u015bmy ikony biegania: Maraton &amp; P\u00f3\u0142maraton Warszawski, Ekiden &#8211; Maraton Sztafet i inne. Zostali\u015bmy partnerem Warszawskiej Triady Biegowej &#8222;Zabiegaj o Pami\u0119\u0107&#8221;, bieg\u00f3w Konstytucji 3 Maja, Powstania Warszawskiego i Niepodleg\u0142o\u015bci. Nie przerwali\u015bmy biegania nawet w pandemii organizuj\u0105c 42. i 43. edycj\u0119 Maratonu Warszawskiego\u00a0 i 15. P\u00f3\u0142maratonu Warszawskiego. Od lat prowadzimy najwi\u0119kszy charytatywny program biegowy w Polsce &#8211; <strong>#BiegamDobrz<\/strong>e, promujemy amatorskie bieganie, uczestniczymy w projektach marketingowych, employer-brandingowych i HR dla firm. Naszymi partnerami s\u0105 najwa\u017cniejsze polskie i globalne marki, zawsze widoczne\u00a0 w przekazach medialnych z bieg\u00f3w. Wspiera nas wiele os\u00f3b ze \u015bwiata sportu, sztuki, nauki, medi\u00f3w. Jeste\u015bmy wydawc\u0105 kultowego portalu MagazynBieganie.pl.<\/p>\n<div class=\"mb-2 flex papabear:mr-3 mamabear:mr-3 babybear:flex-wrap\" data-test-id=\"about-us__website\"><\/div>\n\t<\/div>\n<\/div>\n\n\n\n\n\t\t\t<\/div> \n\t\t<\/div>\n\t<\/div> \n\n\t<div  class=\"vc_col-sm-12 wpb_column column_container vc_column_container col no-extra-padding inherit_tablet inherit_phone\"  data-padding-pos=\"all\" data-has-bg-color=\"false\" data-bg-color=\"\" data-bg-opacity=\"1\" data-animation=\"\" data-delay=\"0\" >\n\t\t<div class=\"vc_column-inner\" >\n\t\t\t<div class=\"wpb_wrapper\">\n\t\t\t\t\n\t\t\t<\/div> \n\t\t<\/div>\n\t<\/div> \n<\/div><\/div>","protected":false},"excerpt":{"rendered":"Biegamy od zawsze. Biegi organizujemy od 20 lat. Biegaczom kibicujemy od serca. Zawsze w\u00a0Warszawie. Fundacja \"Maraton Warszawski\" jest ekspertem w organizacji bieg\u00f3w masowych i spadkobierc\u0105 najstarszego maratonu w\u00a0Polsce. Stworzyli\u015bmy ikony...","protected":false},"author":1,"featured_media":0,"parent":0,"menu_order":0,"comment_status":"closed","ping_status":"closed","template":"","meta":{"footnotes":""},"class_list":["post-327","page","type-page","status-publish"],"_links":{"self":[{"href":"https:\/\/biegamdobrze.pl\/en\/wp-json\/wp\/v2\/pages\/327","targetHints":{"allow":["GET"]}}],"collection":[{"href":"https:\/\/biegamdobrze.pl\/en\/wp-json\/wp\/v2\/pages"}],"about":[{"href":"https:\/\/biegamdobrze.pl\/en\/wp-json\/wp\/v2\/types\/page"}],"author":[{"embeddable":true,"href":"https:\/\/biegamdobrze.pl\/en\/wp-json\/wp\/v2\/users\/1"}],"replies":[{"embeddable":true,"href":"https:\/\/biegamdobrze.pl\/en\/wp-json\/wp\/v2\/comments?post=327"}],"version-history":[{"count":4,"href":"https:\/\/biegamdobrze.pl\/en\/wp-json\/wp\/v2\/pages\/327\/revisions"}],"predecessor-version":[{"id":861,"href":"https:\/\/biegamdobrze.pl\/en\/wp-json\/wp\/v2\/pages\/327\/revisions\/861"}],"wp:attachment":[{"href":"https:\/\/biegamdobrze.pl\/en\/wp-json\/wp\/v2\/media?parent=327"}],"curies":[{"name":"wp","href":"https:\/\/api.w.org\/{rel}","templated":true}]}}